{"id":15249,"date":"2021-05-27T18:39:25","date_gmt":"2021-05-27T18:39:25","guid":{"rendered":"https:\/\/bmd.co.rs\/taste-of-the-west-natur-und-bioprodukte\/potaz-od-bundeve-sa-miksom-organskih-suvih-sumskih-pecuraka\/"},"modified":"2021-08-05T16:11:43","modified_gmt":"2021-08-05T16:11:43","slug":"kuerbiseintopf-mit-einer-mischung-aus-getrockneten-bio-waldpilzen","status":"publish","type":"page","link":"https:\/\/bmd.co.rs\/de\/taste-of-the-west-natur-und-bioprodukte\/kuerbiseintopf-mit-einer-mischung-aus-getrockneten-bio-waldpilzen\/","title":{"rendered":"K\u00fcrbiseintopf mit einer Mischung aus getrockneten Bio-Waldpilzen"},"content":{"rendered":"<p>[vc_row row_content_position=&#8220;middle&#8220; el_class=&#8220;overflow-visible&#8220;][vc_column]\r\n\t<div class=\"agrikole-spacer clearfix\" data-desktop=\"110\" data-mobi=\"60\" data-smobi=\"60\"><\/div>[vc_row_inner][vc_column_inner width=&#8220;1\/3&#8243;]<div class=\"agrikole-headings clearfix \" data-font=70 data-mfont=60 style=\"\"><div class=\"sep clearfix\" style=\"margin:5px 0 0;\">\r\n\t\t\t\t<img decoding=\"async\" alt=\"image\" src=\"https:\/\/bmd.co.rs\/wp-content\/uploads\/2021\/05\/pecurke-line.png\">\r\n\t\t\t<\/div><div class=\"pre-heading clearfix\" style=\"font-weight:600;color:#5b8c51;font-size:14px;letter-spacing:3px;\">\r\n\t\tTaste of the west\r\n\t<\/div><h2 class=\"heading clearfix \" style=\"line-height:70px;font-size:70px;\">\r\n\t\tK\u00fcrbiseintopf mit einer Mischung aus getrockneten Bio-Waldpilzen\r\n\t<\/h2><\/div>[vc_column_text css=&#8220;.vc_custom_1628179534920{padding-top: 4% !important;}&#8220;]In dieser Mischung gibt es 3 Sorten Waldpilze, <strong>getrocknete Steinpilze, getrocknete Pfifferlinge Und getrocknete schwarze Trompete<\/strong>.<br \/>\nIn dieser Tasche ist die <strong>erstklassige Bio-zertifizierte schwarze Trompete, Fingerhut und Steinpilze verpackt.<\/strong>[\/vc_column_text]<div class=\"agrikole-content-box clearfix  display-flex justify-content-center\" data-padding=\"30px 20px 30px\" data-mobipadding=\"30px 20px 30px\" data-margin=\"30px 0px\" data-mobimargin=\"30px 0px\" >\r\n\t\t<div class=\"inner ctb-2123439155\" style=\"\"  data-background=\"#f7f0ea\" data-rounded=\"5\" data-border-style=\"solid\" data-border-style-hover=\"solid\">\r\n\t\t\t<div class=\"agrikole-slogan-box clearfix \" style=\"\" >\r\n        <div class=\"wrap\">\r\n            <div class=\"image-left item\">\r\n                <div class=\"image-wrap\"><img loading=\"lazy\" decoding=\"async\" width=\"55\" height=\"32\" src=\"https:\/\/bmd.co.rs\/wp-content\/uploads\/2021\/05\/pecurke-line.png\" class=\"attachment-full size-full\" alt=\"\" \/><\/div>\r\n            <\/div>\r\n\r\n            <div class=\"heading-wrap item\">\r\n                <h3 class=\"heading\" style=\"font-size:35px;\">\r\n        Organski proizvod\r\n    <\/h3>\r\n            <\/div>\r\n\r\n            <div class=\"image-right item\">\r\n                <div class=\"image-wrap\"><img loading=\"lazy\" decoding=\"async\" width=\"55\" height=\"32\" src=\"https:\/\/bmd.co.rs\/wp-content\/uploads\/2021\/05\/pecurke-line.png\" class=\"attachment-full size-full\" alt=\"\" \/><\/div>\r\n            <\/div>\r\n        <\/div>\r\n    <\/div>\r\n\t\t<\/div>\r\n\t<\/div>[\/vc_column_inner][vc_column_inner width=&#8220;2\/3&#8243;]\r\n\t<div class=\"agrikole-spacer clearfix\" data-desktop=\"37\" data-mobi=\"37\" data-smobi=\"37\"><\/div><div class=\"agrikole-simple-image reveal wow  rl \" >\r\n\t\t\t\t<figure style=\"\"><img decoding=\"async\" alt=\"image\" src=\"https:\/\/bmd.co.rs\/wp-content\/uploads\/2021\/05\/potaz-od-bundeve-sa-organskim-suvim-sumskim-pecurkama.jpg\" \/> <\/figure>\r\n\t\t\t<\/div>[\/vc_column_inner][\/vc_row_inner]\r\n\t<div class=\"agrikole-spacer clearfix\" data-desktop=\"55\" data-mobi=\"30\" data-smobi=\"30\"><\/div>[\/vc_column][\/vc_row][vc_row row_content_position=&#8220;top&#8220; el_class=&#8220;overflow-visible&#8220; css=&#8220;.vc_custom_1620949556901{padding-top: 50px !important;background-image: url(https:\/\/bmd.co.rs\/wp-content\/uploads\/2021\/05\/bg-sastojci-1.jpg?id=14717) !important;background-position: center !important;background-repeat: no-repeat !important;background-size: cover !important;}&#8220;][vc_column][vc_row_inner][vc_column_inner width=&#8220;1\/3&#8243; css=&#8220;.vc_custom_1620949282402{padding-top: 50px !important;}&#8220;]<div class=\"agrikole-headings clearfix \" data-font=50 data-mfont=45 style=\"\"><div class=\"pre-heading clearfix\" style=\"font-weight:600;color:#5b8c51;font-size:14px;letter-spacing:3px;\">\r\n\t\tK\u00fcrbiseintopf mit einer Mischung aus getrockneten Bio-Waldpilzen\r\n\t<\/div><h2 class=\"heading clearfix \" style=\"line-height:70px;font-size:50px;\">\r\n\t\tZutaten\r\n\t<\/h2><\/div>[vc_column_text css=&#8220;.vc_custom_1628179607812{padding-top: 4% !important;}&#8220;]St\u00e4rke,<br \/>\nBio getrocknete Pilze 6,62%,<br \/>\nBio-Trockenfingerhut 4,81%,<br \/>\nBio trockene schwarze Trompete 4,81%,<br \/>\nSalz,<br \/>\nProtein,<br \/>\nZwiebel,<br \/>\nTomate,<br \/>\nM\u00f6hren.[\/vc_column_text][\/vc_column_inner][vc_column_inner width=&#8220;1\/3&#8243; css=&#8220;.vc_custom_1620949277629{padding-top: 50px !important;}&#8220;]<div class=\"agrikole-headings clearfix \" data-font=50 data-mfont=45 style=\"\"><div class=\"pre-heading clearfix\" style=\"font-weight:600;color:#5b8c51;font-size:14px;letter-spacing:3px;\">\r\n\t\tK\u00fcrbiseintopf mit einer Mischung aus getrockneten Bio-Waldpilzen\r\n\t<\/div><h2 class=\"heading clearfix \" style=\"line-height:70px;font-size:50px;\">\r\n\t\tN\u00e4hrwert\r\n\t<\/h2><\/div>[vc_column_text css=&#8220;.vc_custom_1628179683413{padding-top: 4% !important;}&#8220;]<b>N\u00e4hrwert pro 100gr<\/b><br \/>\nKalorienwert <span class=\"pull-right\">1200 [kJ]<\/span><br \/>\nKalorienwert <span class=\"pull-right\">284 [kcal]<\/span><br \/>\nFett <span class=\"pull-right\">2,84 [g]<\/span><br \/>\nProteine <span class=\"pull-right\">18,65 [g]<\/span><br \/>\nKohlenhydrate <span class=\"pull-right\">40,77 [g] <\/span><br \/>\nZucker <span class=\"pull-right\">8,15 [g]<\/span><br \/>\nNatrium <span class=\"pull-right\">5,3 [g]<\/span><br \/>\nSalz <span class=\"pull-right\">13,3 [g]<\/span>[\/vc_column_text][\/vc_column_inner][vc_column_inner width=&#8220;1\/3&#8243; css=&#8220;.vc_custom_1620949271758{padding-top: 50px !important;}&#8220;]<div class=\"agrikole-headings clearfix \" data-font=50 data-mfont=45 style=\"\"><div class=\"pre-heading clearfix\" style=\"font-weight:600;color:#5b8c51;font-size:14px;letter-spacing:3px;\">\r\n\t\tK\u00fcrbiseintopf mit einer Mischung aus getrockneten Bio-Waldpilzen\r\n\t<\/div><h2 class=\"heading clearfix \" style=\"line-height:70px;font-size:50px;\">\r\n\t\tZubereitung\r\n\t<\/h2><\/div>[vc_column_text css=&#8220;.vc_custom_1628179747704{padding-top: 4% !important;}&#8220;]Beutelinhalt in 600 ml kaltes Wasser gie\u00dfen und unter st\u00e4ndigem R\u00fchren Zum Sieden erhitzen. Bei mittlerer Hitze 5 Minuten kochen.<\/p>\n<p>Guten Appetit![\/vc_column_text][vc_single_image image=&#8220;15234&#8243; alignment=&#8220;center&#8220;][\/vc_column_inner][\/vc_row_inner]\r\n\t<div class=\"agrikole-spacer clearfix\" data-desktop=\"55\" data-mobi=\"30\" data-smobi=\"30\"><\/div>[\/vc_column][\/vc_row][vc_row row_content_position=&#8220;top&#8220; el_class=&#8220;overflow-visible&#8220; css=&#8220;.vc_custom_1622065748269{padding-top: 4% !important;padding-bottom: 4% !important;}&#8220;][vc_column width=&#8220;1\/6&#8243;][\/vc_column][vc_column width=&#8220;2\/3&#8243;]<div class=\"agrikole-headings clearfix \" data-font=50 data-mfont=45 style=\"\"><div class=\"pre-heading clearfix\" style=\"font-weight:600;color:#5b8c51;font-size:14px;letter-spacing:3px;\">\r\n\t\tTaste of the west\r\n\t<\/div><h3 class=\"heading clearfix \" style=\"line-height:70px;font-size:50px;\">\r\n\t\tK\u00fcrbiseintopf mit einer Mischung aus getrockneten Bio-Waldpilzen - Wei\u00dfes Etikett?\r\n\t<\/h3><\/div>\r\n\t<div class=\"agrikole-spacer clearfix\" data-desktop=\"55\" data-mobi=\"30\" data-smobi=\"30\"><\/div>[\/vc_column][vc_column width=&#8220;1\/6&#8243;][\/vc_column][\/vc_row]<\/p>\n","protected":false},"excerpt":{"rendered":"<p>[vc_row row_content_position=&#8220;middle&#8220; el_class=&#8220;overflow-visible&#8220;][vc_column][vc_row_inner][vc_column_inner width=&#8220;1\/3&#8243;][vc_column_text css=&#8220;.vc_custom_1628179534920{padding-top: 4% !important;}&#8220;]In dieser Mischung gibt es 3 Sorten Waldpilze, getrocknete Steinpilze, getrocknete Pfifferlinge Und getrocknete schwarze Trompete. In dieser Tasche ist die erstklassige Bio-zertifizierte schwarze Trompete, Fingerhut und Steinpilze verpackt.[\/vc_column_text][\/vc_column_inner][vc_column_inner width=&#8220;2\/3&#8243;][\/vc_column_inner][\/vc_row_inner][\/vc_column][\/vc_row][vc_row row_content_position=&#8220;top&#8220; el_class=&#8220;overflow-visible&#8220; css=&#8220;.vc_custom_1620949556901{padding-top: 50px !important;background-image: url(https:\/\/bmd.co.rs\/wp-content\/uploads\/2021\/05\/bg-sastojci-1.jpg?id=14717) !important;background-position: center !important;background-repeat: no-repeat !important;background-size: cover !important;}&#8220;][vc_column][vc_row_inner][vc_column_inner width=&#8220;1\/3&#8243;<\/p>\n","protected":false},"author":1,"featured_media":0,"parent":15160,"menu_order":0,"comment_status":"closed","ping_status":"closed","template":"","meta":{"_acf_changed":false,"footnotes":""},"class_list":["post-15249","page","type-page","status-publish","hentry"],"acf":[],"yoast_head":"<!-- This site is optimized with the Yoast SEO plugin v26.8 - https:\/\/yoast.com\/product\/yoast-seo-wordpress\/ -->\n<title>K\u00fcrbiseintopf mit einer Mischung aus getrockneten Bio-Waldpilzen - BMD Doo Arilje<\/title>\n<meta name=\"robots\" content=\"index, follow, max-snippet:-1, max-image-preview:large, max-video-preview:-1\" \/>\n<link rel=\"canonical\" href=\"https:\/\/bmd.co.rs\/de\/taste-of-the-west-natur-und-bioprodukte\/kuerbiseintopf-mit-einer-mischung-aus-getrockneten-bio-waldpilzen\/\" \/>\n<meta property=\"og:locale\" content=\"de_DE\" \/>\n<meta property=\"og:type\" content=\"article\" \/>\n<meta property=\"og:title\" content=\"K\u00fcrbiseintopf mit einer Mischung aus getrockneten Bio-Waldpilzen - BMD Doo Arilje\" \/>\n<meta property=\"og:description\" content=\"[vc_row row_content_position=&#8220;middle&#8220; el_class=&#8220;overflow-visible&#8220;][vc_column][vc_row_inner][vc_column_inner width=&#8220;1\/3&#8243;][vc_column_text css=&#8220;.vc_custom_1628179534920{padding-top: 4% !important;}&#8220;]In dieser Mischung gibt es 3 Sorten Waldpilze, getrocknete Steinpilze, getrocknete Pfifferlinge Und getrocknete schwarze Trompete. In dieser Tasche ist die erstklassige Bio-zertifizierte schwarze Trompete, Fingerhut und Steinpilze verpackt.[\/vc_column_text][\/vc_column_inner][vc_column_inner width=&#8220;2\/3&#8243;][\/vc_column_inner][\/vc_row_inner][\/vc_column][\/vc_row][vc_row row_content_position=&#8220;top&#8220; el_class=&#8220;overflow-visible&#8220; css=&#8220;.vc_custom_1620949556901{padding-top: 50px !important;background-image: url(https:\/\/bmd.co.rs\/wp-content\/uploads\/2021\/05\/bg-sastojci-1.jpg?id=14717) !important;background-position: center !important;background-repeat: no-repeat !important;background-size: cover !important;}&#8220;][vc_column][vc_row_inner][vc_column_inner width=&#8220;1\/3&#8243;\" \/>\n<meta property=\"og:url\" content=\"https:\/\/bmd.co.rs\/de\/taste-of-the-west-natur-und-bioprodukte\/kuerbiseintopf-mit-einer-mischung-aus-getrockneten-bio-waldpilzen\/\" \/>\n<meta property=\"og:site_name\" content=\"BMD Doo Arilje\" \/>\n<meta property=\"article:modified_time\" content=\"2021-08-05T16:11:43+00:00\" \/>\n<meta name=\"twitter:card\" content=\"summary_large_image\" \/>\n<meta name=\"twitter:label1\" content=\"Gesch\u00e4tzte Lesezeit\" \/>\n\t<meta name=\"twitter:data1\" content=\"2\u00a0Minuten\" \/>\n<script type=\"application\/ld+json\" class=\"yoast-schema-graph\">{\"@context\":\"https:\/\/schema.org\",\"@graph\":[{\"@type\":\"WebPage\",\"@id\":\"https:\/\/bmd.co.rs\/de\/taste-of-the-west-natur-und-bioprodukte\/kuerbiseintopf-mit-einer-mischung-aus-getrockneten-bio-waldpilzen\/\",\"url\":\"https:\/\/bmd.co.rs\/de\/taste-of-the-west-natur-und-bioprodukte\/kuerbiseintopf-mit-einer-mischung-aus-getrockneten-bio-waldpilzen\/\",\"name\":\"K\u00fcrbiseintopf mit einer Mischung aus getrockneten Bio-Waldpilzen - BMD Doo Arilje\",\"isPartOf\":{\"@id\":\"https:\/\/bmd.co.rs\/de\/#website\"},\"datePublished\":\"2021-05-27T18:39:25+00:00\",\"dateModified\":\"2021-08-05T16:11:43+00:00\",\"breadcrumb\":{\"@id\":\"https:\/\/bmd.co.rs\/de\/taste-of-the-west-natur-und-bioprodukte\/kuerbiseintopf-mit-einer-mischung-aus-getrockneten-bio-waldpilzen\/#breadcrumb\"},\"inLanguage\":\"de\",\"potentialAction\":[{\"@type\":\"ReadAction\",\"target\":[\"https:\/\/bmd.co.rs\/de\/taste-of-the-west-natur-und-bioprodukte\/kuerbiseintopf-mit-einer-mischung-aus-getrockneten-bio-waldpilzen\/\"]}]},{\"@type\":\"BreadcrumbList\",\"@id\":\"https:\/\/bmd.co.rs\/de\/taste-of-the-west-natur-und-bioprodukte\/kuerbiseintopf-mit-einer-mischung-aus-getrockneten-bio-waldpilzen\/#breadcrumb\",\"itemListElement\":[{\"@type\":\"ListItem\",\"position\":1,\"name\":\"Po\u010detna\",\"item\":\"https:\/\/bmd.co.rs\/de\/\"},{\"@type\":\"ListItem\",\"position\":2,\"name\":\"Taste of the west\",\"item\":\"https:\/\/bmd.co.rs\/de\/taste-of-the-west-natur-und-bioprodukte\/\"},{\"@type\":\"ListItem\",\"position\":3,\"name\":\"K\u00fcrbiseintopf mit einer Mischung aus getrockneten Bio-Waldpilzen\"}]},{\"@type\":\"WebSite\",\"@id\":\"https:\/\/bmd.co.rs\/de\/#website\",\"url\":\"https:\/\/bmd.co.rs\/de\/\",\"name\":\"BMD Doo Arilje\",\"description\":\"Svet organskih proizvoda - Suvi vrganj - Suva lisi\u010darka\",\"potentialAction\":[{\"@type\":\"SearchAction\",\"target\":{\"@type\":\"EntryPoint\",\"urlTemplate\":\"https:\/\/bmd.co.rs\/de\/?s={search_term_string}\"},\"query-input\":{\"@type\":\"PropertyValueSpecification\",\"valueRequired\":true,\"valueName\":\"search_term_string\"}}],\"inLanguage\":\"de\"}]}<\/script>\n<!-- \/ Yoast SEO plugin. -->","yoast_head_json":{"title":"K\u00fcrbiseintopf mit einer Mischung aus getrockneten Bio-Waldpilzen - BMD Doo Arilje","robots":{"index":"index","follow":"follow","max-snippet":"max-snippet:-1","max-image-preview":"max-image-preview:large","max-video-preview":"max-video-preview:-1"},"canonical":"https:\/\/bmd.co.rs\/de\/taste-of-the-west-natur-und-bioprodukte\/kuerbiseintopf-mit-einer-mischung-aus-getrockneten-bio-waldpilzen\/","og_locale":"de_DE","og_type":"article","og_title":"K\u00fcrbiseintopf mit einer Mischung aus getrockneten Bio-Waldpilzen - BMD Doo Arilje","og_description":"[vc_row row_content_position=&#8220;middle&#8220; el_class=&#8220;overflow-visible&#8220;][vc_column][vc_row_inner][vc_column_inner width=&#8220;1\/3&#8243;][vc_column_text css=&#8220;.vc_custom_1628179534920{padding-top: 4% !important;}&#8220;]In dieser Mischung gibt es 3 Sorten Waldpilze, getrocknete Steinpilze, getrocknete Pfifferlinge Und getrocknete schwarze Trompete. In dieser Tasche ist die erstklassige Bio-zertifizierte schwarze Trompete, Fingerhut und Steinpilze verpackt.[\/vc_column_text][\/vc_column_inner][vc_column_inner width=&#8220;2\/3&#8243;][\/vc_column_inner][\/vc_row_inner][\/vc_column][\/vc_row][vc_row row_content_position=&#8220;top&#8220; el_class=&#8220;overflow-visible&#8220; css=&#8220;.vc_custom_1620949556901{padding-top: 50px !important;background-image: url(https:\/\/bmd.co.rs\/wp-content\/uploads\/2021\/05\/bg-sastojci-1.jpg?id=14717) !important;background-position: center !important;background-repeat: no-repeat !important;background-size: cover !important;}&#8220;][vc_column][vc_row_inner][vc_column_inner width=&#8220;1\/3&#8243;","og_url":"https:\/\/bmd.co.rs\/de\/taste-of-the-west-natur-und-bioprodukte\/kuerbiseintopf-mit-einer-mischung-aus-getrockneten-bio-waldpilzen\/","og_site_name":"BMD Doo Arilje","article_modified_time":"2021-08-05T16:11:43+00:00","twitter_card":"summary_large_image","twitter_misc":{"Gesch\u00e4tzte Lesezeit":"2\u00a0Minuten"},"schema":{"@context":"https:\/\/schema.org","@graph":[{"@type":"WebPage","@id":"https:\/\/bmd.co.rs\/de\/taste-of-the-west-natur-und-bioprodukte\/kuerbiseintopf-mit-einer-mischung-aus-getrockneten-bio-waldpilzen\/","url":"https:\/\/bmd.co.rs\/de\/taste-of-the-west-natur-und-bioprodukte\/kuerbiseintopf-mit-einer-mischung-aus-getrockneten-bio-waldpilzen\/","name":"K\u00fcrbiseintopf mit einer Mischung aus getrockneten Bio-Waldpilzen - BMD Doo Arilje","isPartOf":{"@id":"https:\/\/bmd.co.rs\/de\/#website"},"datePublished":"2021-05-27T18:39:25+00:00","dateModified":"2021-08-05T16:11:43+00:00","breadcrumb":{"@id":"https:\/\/bmd.co.rs\/de\/taste-of-the-west-natur-und-bioprodukte\/kuerbiseintopf-mit-einer-mischung-aus-getrockneten-bio-waldpilzen\/#breadcrumb"},"inLanguage":"de","potentialAction":[{"@type":"ReadAction","target":["https:\/\/bmd.co.rs\/de\/taste-of-the-west-natur-und-bioprodukte\/kuerbiseintopf-mit-einer-mischung-aus-getrockneten-bio-waldpilzen\/"]}]},{"@type":"BreadcrumbList","@id":"https:\/\/bmd.co.rs\/de\/taste-of-the-west-natur-und-bioprodukte\/kuerbiseintopf-mit-einer-mischung-aus-getrockneten-bio-waldpilzen\/#breadcrumb","itemListElement":[{"@type":"ListItem","position":1,"name":"Po\u010detna","item":"https:\/\/bmd.co.rs\/de\/"},{"@type":"ListItem","position":2,"name":"Taste of the west","item":"https:\/\/bmd.co.rs\/de\/taste-of-the-west-natur-und-bioprodukte\/"},{"@type":"ListItem","position":3,"name":"K\u00fcrbiseintopf mit einer Mischung aus getrockneten Bio-Waldpilzen"}]},{"@type":"WebSite","@id":"https:\/\/bmd.co.rs\/de\/#website","url":"https:\/\/bmd.co.rs\/de\/","name":"BMD Doo Arilje","description":"Svet organskih proizvoda - Suvi vrganj - Suva lisi\u010darka","potentialAction":[{"@type":"SearchAction","target":{"@type":"EntryPoint","urlTemplate":"https:\/\/bmd.co.rs\/de\/?s={search_term_string}"},"query-input":{"@type":"PropertyValueSpecification","valueRequired":true,"valueName":"search_term_string"}}],"inLanguage":"de"}]}},"_links":{"self":[{"href":"https:\/\/bmd.co.rs\/de\/wp-json\/wp\/v2\/pages\/15249","targetHints":{"allow":["GET"]}}],"collection":[{"href":"https:\/\/bmd.co.rs\/de\/wp-json\/wp\/v2\/pages"}],"about":[{"href":"https:\/\/bmd.co.rs\/de\/wp-json\/wp\/v2\/types\/page"}],"author":[{"embeddable":true,"href":"https:\/\/bmd.co.rs\/de\/wp-json\/wp\/v2\/users\/1"}],"replies":[{"embeddable":true,"href":"https:\/\/bmd.co.rs\/de\/wp-json\/wp\/v2\/comments?post=15249"}],"version-history":[{"count":3,"href":"https:\/\/bmd.co.rs\/de\/wp-json\/wp\/v2\/pages\/15249\/revisions"}],"predecessor-version":[{"id":15253,"href":"https:\/\/bmd.co.rs\/de\/wp-json\/wp\/v2\/pages\/15249\/revisions\/15253"}],"up":[{"embeddable":true,"href":"https:\/\/bmd.co.rs\/de\/wp-json\/wp\/v2\/pages\/15160"}],"wp:attachment":[{"href":"https:\/\/bmd.co.rs\/de\/wp-json\/wp\/v2\/media?parent=15249"}],"curies":[{"name":"wp","href":"https:\/\/api.w.org\/{rel}","templated":true}]}}