{"id":15436,"date":"2021-05-27T18:20:03","date_gmt":"2021-05-27T18:20:03","guid":{"rendered":"https:\/\/bmd.co.rs\/krem-corba-sa-miksom-organskih-suvih-sumskih-pecuraka\/"},"modified":"2021-12-14T10:44:52","modified_gmt":"2021-12-14T10:44:52","slug":"organic-dried-forest-mushrooms-cream-soup","status":"publish","type":"page","link":"https:\/\/bmd.co.rs\/en\/taste-of-the-west-organic-products\/organic-dried-forest-mushrooms-cream-soup\/","title":{"rendered":"Cream soup with organic dried forest mushrooms mix"},"content":{"rendered":"<p>[vc_row row_content_position=&#8221;middle&#8221; el_class=&#8221;overflow-visible&#8221;][vc_column]\r\n\t<div class=\"agrikole-spacer clearfix\" data-desktop=\"110\" data-mobi=\"60\" data-smobi=\"60\"><\/div>[vc_row_inner][vc_column_inner width=&#8221;1\/3&#8243;]<div class=\"agrikole-headings clearfix \" data-font=70 data-mfont=60 style=\"\"><div class=\"sep clearfix\" style=\"margin:5px 0 0;\">\r\n\t\t\t\t<img decoding=\"async\" alt=\"image\" src=\"https:\/\/bmd.co.rs\/wp-content\/uploads\/2021\/05\/pecurke-line.png\">\r\n\t\t\t<\/div><div class=\"pre-heading clearfix\" style=\"font-weight:600;color:#5b8c51;font-size:14px;letter-spacing:3px;\">\r\n\t\tTaste of the west\r\n\t<\/div><h2 class=\"heading clearfix \" style=\"line-height:70px;font-size:70px;\">\r\n\t\tCream soup with organic dried forest mushrooms mix\r\n\t<\/h2><\/div>[vc_column_text css=&#8221;.vc_custom_1639478298552{padding-top: 4% !important;}&#8221;]<span>This mix contains 3 types of forest mushrooms: <strong>dried porcini, dried chantarelles and dried black trumpets.<\/strong><\/span><br \/>\n<span>All mushrooms in this package are certified as <strong>class I organic mushrooms.<\/strong><\/span>[\/vc_column_text]<div class=\"agrikole-content-box clearfix  display-flex justify-content-center\" data-padding=\"30px 20px 30px\" data-mobipadding=\"30px 20px 30px\" data-margin=\"30px 0px\" data-mobimargin=\"30px 0px\" >\r\n\t\t<div class=\"inner ctb-653920711\" style=\"\"  data-background=\"#f7f0ea\" data-rounded=\"5\" data-border-style=\"solid\" data-border-style-hover=\"solid\">\r\n\t\t\t<div class=\"agrikole-slogan-box clearfix \" style=\"\" >\r\n        <div class=\"wrap\">\r\n            <div class=\"image-left item\">\r\n                <div class=\"image-wrap\"><img loading=\"lazy\" decoding=\"async\" width=\"55\" height=\"32\" src=\"https:\/\/bmd.co.rs\/wp-content\/uploads\/2021\/05\/pecurke-line.png\" class=\"attachment-full size-full\" alt=\"\" \/><\/div>\r\n            <\/div>\r\n\r\n            <div class=\"heading-wrap item\">\r\n                <h3 class=\"heading\" style=\"font-size:35px;\">\r\n        Organic product\r\n    <\/h3>\r\n            <\/div>\r\n\r\n            <div class=\"image-right item\">\r\n                <div class=\"image-wrap\"><img loading=\"lazy\" decoding=\"async\" width=\"55\" height=\"32\" src=\"https:\/\/bmd.co.rs\/wp-content\/uploads\/2021\/05\/pecurke-line.png\" class=\"attachment-full size-full\" alt=\"\" \/><\/div>\r\n            <\/div>\r\n        <\/div>\r\n    <\/div>\r\n\t\t<\/div>\r\n\t<\/div>[\/vc_column_inner][vc_column_inner width=&#8221;2\/3&#8243;]\r\n\t<div class=\"agrikole-spacer clearfix\" data-desktop=\"37\" data-mobi=\"37\" data-smobi=\"37\"><\/div><div class=\"agrikole-simple-image reveal wow  rl \" >\r\n\t\t\t\t<figure style=\"\"><img decoding=\"async\" alt=\"image\" src=\"https:\/\/bmd.co.rs\/wp-content\/uploads\/2021\/05\/krem-corba-sa-miksom-suvih-organskih-sumskih-pecuraka.jpg\" \/> <\/figure>\r\n\t\t\t<\/div>[\/vc_column_inner][\/vc_row_inner]\r\n\t<div class=\"agrikole-spacer clearfix\" data-desktop=\"55\" data-mobi=\"30\" data-smobi=\"30\"><\/div>[\/vc_column][\/vc_row][vc_row row_content_position=&#8221;top&#8221; el_class=&#8221;overflow-visible&#8221; css=&#8221;.vc_custom_1620949556901{padding-top: 50px !important;background-image: url(https:\/\/bmd.co.rs\/wp-content\/uploads\/2021\/05\/bg-sastojci-1.jpg?id=14717) !important;background-position: center !important;background-repeat: no-repeat !important;background-size: cover !important;}&#8221;][vc_column][vc_row_inner][vc_column_inner width=&#8221;1\/3&#8243; css=&#8221;.vc_custom_1620949282402{padding-top: 50px !important;}&#8221;]<div class=\"agrikole-headings clearfix \" data-font=50 data-mfont=45 style=\"\"><div class=\"pre-heading clearfix\" style=\"font-weight:600;color:#5b8c51;font-size:14px;letter-spacing:3px;\">\r\n\t\tCream soup with organic dried forest mushrooms mix\r\n\t<\/div><h2 class=\"heading clearfix \" style=\"line-height:70px;font-size:50px;\">\r\n\t\tIngredients\r\n\t<\/h2><\/div>[vc_column_text css=&#8221;.vc_custom_1639478379151{padding-top: 4% !important;}&#8221;]<span>starch<\/span>,<br \/>\ndried organic porcini mushrooms 6,62%,<br \/>\ndried organic chanterelle mushroom 4,81%,<br \/>\ndried organic black trumpet mushroom 4,81%,<br \/>\nsalt,<br \/>\nprotein,<br \/>\nonion,<br \/>\ntomato,<br \/>\ncarrot.[\/vc_column_text][\/vc_column_inner][vc_column_inner width=&#8221;1\/3&#8243; css=&#8221;.vc_custom_1620949277629{padding-top: 50px !important;}&#8221;]<div class=\"agrikole-headings clearfix \" data-font=50 data-mfont=45 style=\"\"><div class=\"pre-heading clearfix\" style=\"font-weight:600;color:#5b8c51;font-size:14px;letter-spacing:3px;\">\r\n\t\tCream soup with organic dried forest mushrooms mix\r\n\t<\/div><h2 class=\"heading clearfix \" style=\"line-height:70px;font-size:50px;\">\r\n\t\tNutrition Declaration\r\n\t<\/h2><\/div>[vc_column_text css=&#8221;.vc_custom_1639478631083{padding-top: 4% !important;}&#8221;]<b>Nutrition Value per 100gr<\/b><br \/>\nCaloric value\u00a0 <span class=\"pull-right\">1235 [kJ]<\/span><br \/>\nCaloric value <span class=\"pull-right\">293 [kcal]<\/span><br \/>\nFats <span class=\"pull-right\">2,83 [g]<\/span><br \/>\nProteins <span class=\"pull-right\">20,04 [g]<\/span><br \/>\nCarbohydrates <span class=\"pull-right\">40,12 [g] <\/span><br \/>\nSugars <span class=\"pull-right\">10,04 [g]<\/span><br \/>\nSodium <span class=\"pull-right\">4,38 [g]<\/span><br \/>\nSalt <span class=\"pull-right\">10,96 [g]<\/span>[\/vc_column_text][\/vc_column_inner][vc_column_inner width=&#8221;1\/3&#8243; css=&#8221;.vc_custom_1620949271758{padding-top: 50px !important;}&#8221;]<div class=\"agrikole-headings clearfix \" data-font=50 data-mfont=45 style=\"\"><div class=\"pre-heading clearfix\" style=\"font-weight:600;color:#5b8c51;font-size:14px;letter-spacing:3px;\">\r\n\t\tCream soup with organic dried forest mushrooms mix\r\n\t<\/div><h2 class=\"heading clearfix \" style=\"line-height:70px;font-size:50px;\">\r\n\t\tPreparation\r\n\t<\/h2><\/div>[vc_column_text css=&#8221;.vc_custom_1639478433655{padding-top: 4% !important;}&#8221;]<span>Pour the contents of the bag into 600 ml of cold water and heat to boiling, stirring constantly.<br \/>\nAfter boiling, cook over medium heat for 5 minutes. Bon apetit!<\/span>[\/vc_column_text][vc_single_image image=&#8221;14850&#8243; alignment=&#8221;center&#8221;][\/vc_column_inner][\/vc_row_inner]\r\n\t<div class=\"agrikole-spacer clearfix\" data-desktop=\"55\" data-mobi=\"30\" data-smobi=\"30\"><\/div>[\/vc_column][\/vc_row][vc_row disable_element=&#8221;yes&#8221; row_content_position=&#8221;top&#8221; el_class=&#8221;overflow-visible&#8221; css=&#8221;.vc_custom_1639478657943{padding-top: 4% !important;padding-bottom: 4% !important;}&#8221;][vc_column width=&#8221;1\/2&#8243;]<div class=\"agrikole-headings clearfix \" data-font=50 data-mfont=45 style=\"\"><div class=\"pre-heading clearfix\" style=\"font-weight:600;color:#5b8c51;font-size:14px;letter-spacing:3px;\">\r\n\t\tTaste of the west\r\n\t<\/div><h3 class=\"heading clearfix \" style=\"line-height:70px;font-size:50px;\">\r\n\t\tKrem \u010dorba sa miksom organskih suvih \u0161umskih pe\u010duraka - gde kupiti?\r\n\t<\/h3><\/div>[vc_column_text css=&#8221;.vc_custom_1622065128131{padding-top: 4% !important;}&#8221;]Sve na\u0161e proizvode mo\u017eete kupiti u prodajnim objektima DM-a.[\/vc_column_text]\r\n\t<div class=\"agrikole-spacer clearfix\" data-desktop=\"55\" data-mobi=\"30\" data-smobi=\"30\"><\/div>[\/vc_column][vc_column width=&#8221;1\/2&#8243;][vc_single_image image=&#8221;14798&#8243; img_size=&#8221;300&#215;200&#8243; alignment=&#8221;center&#8221; onclick=&#8221;custom_link&#8221; img_link_target=&#8221;_blank&#8221; link=&#8221;https:\/\/www.dm.rs\/dm-asortiman\/dm-inkubator\/taste-of-the-west&#8221;][vc_raw_html el_class=&#8221;link-card text-center&#8221;]JTNDYSUyMGhyZWYlM0QlMjJodHRwcyUzQSUyRiUyRnd3dy5kbS5ycyUyRmRtLWFzb3J0aW1hbiUyRmRtLWlua3ViYXRvciUyRnRhc3RlLW9mLXRoZS13ZXN0JTIyJTIwdGFyZ2V0JTNEJTIyX2JsYW5rJTIyJTNFJTNDaDMlM0UlMjBMaW5rJTIwa2ElMjBzYWp0dSUyMERNJTIwJTNDJTJGaDMlM0UlM0MlMkZhJTNF[\/vc_raw_html]\r\n\t<div class=\"agrikole-spacer clearfix\" data-desktop=\"55\" data-mobi=\"30\" data-smobi=\"30\"><\/div>[\/vc_column][\/vc_row]<\/p>\n","protected":false},"excerpt":{"rendered":"<p>[vc_row row_content_position=&#8221;middle&#8221; el_class=&#8221;overflow-visible&#8221;][vc_column][vc_row_inner][vc_column_inner width=&#8221;1\/3&#8243;][vc_column_text css=&#8221;.vc_custom_1639478298552{padding-top: 4% !important;}&#8221;]This mix contains 3 types of forest mushrooms: dried porcini, dried chantarelles and dried black trumpets. All mushrooms in this package are certified as class I organic mushrooms.[\/vc_column_text][\/vc_column_inner][vc_column_inner width=&#8221;2\/3&#8243;][\/vc_column_inner][\/vc_row_inner][\/vc_column][\/vc_row][vc_row row_content_position=&#8221;top&#8221; el_class=&#8221;overflow-visible&#8221; css=&#8221;.vc_custom_1620949556901{padding-top: 50px !important;background-image: url(https:\/\/bmd.co.rs\/wp-content\/uploads\/2021\/05\/bg-sastojci-1.jpg?id=14717) !important;background-position: center !important;background-repeat: no-repeat !important;background-size: cover !important;}&#8221;][vc_column][vc_row_inner][vc_column_inner width=&#8221;1\/3&#8243; css=&#8221;.vc_custom_1620949282402{padding-top:<\/p>\n","protected":false},"author":1,"featured_media":0,"parent":15520,"menu_order":0,"comment_status":"closed","ping_status":"closed","template":"","meta":{"_acf_changed":false,"footnotes":""},"class_list":["post-15436","page","type-page","status-publish","hentry"],"acf":[],"yoast_head":"<!-- This site is optimized with the Yoast SEO plugin v26.8 - https:\/\/yoast.com\/product\/yoast-seo-wordpress\/ -->\n<title>Cream soup with organic dried forest mushrooms mix - BMD Doo Arilje<\/title>\n<meta name=\"robots\" content=\"index, follow, max-snippet:-1, max-image-preview:large, max-video-preview:-1\" \/>\n<link rel=\"canonical\" href=\"https:\/\/bmd.co.rs\/en\/taste-of-the-west-organic-products\/organic-dried-forest-mushrooms-cream-soup\/\" \/>\n<meta property=\"og:locale\" content=\"en_US\" \/>\n<meta property=\"og:type\" content=\"article\" \/>\n<meta property=\"og:title\" content=\"Cream soup with organic dried forest mushrooms mix - BMD Doo Arilje\" \/>\n<meta property=\"og:description\" content=\"[vc_row row_content_position=&#8221;middle&#8221; el_class=&#8221;overflow-visible&#8221;][vc_column][vc_row_inner][vc_column_inner width=&#8221;1\/3&#8243;][vc_column_text css=&#8221;.vc_custom_1639478298552{padding-top: 4% !important;}&#8221;]This mix contains 3 types of forest mushrooms: dried porcini, dried chantarelles and dried black trumpets. All mushrooms in this package are certified as class I organic mushrooms.[\/vc_column_text][\/vc_column_inner][vc_column_inner width=&#8221;2\/3&#8243;][\/vc_column_inner][\/vc_row_inner][\/vc_column][\/vc_row][vc_row row_content_position=&#8221;top&#8221; el_class=&#8221;overflow-visible&#8221; css=&#8221;.vc_custom_1620949556901{padding-top: 50px !important;background-image: url(https:\/\/bmd.co.rs\/wp-content\/uploads\/2021\/05\/bg-sastojci-1.jpg?id=14717) !important;background-position: center !important;background-repeat: no-repeat !important;background-size: cover !important;}&#8221;][vc_column][vc_row_inner][vc_column_inner width=&#8221;1\/3&#8243; css=&#8221;.vc_custom_1620949282402{padding-top:\" \/>\n<meta property=\"og:url\" content=\"https:\/\/bmd.co.rs\/en\/taste-of-the-west-organic-products\/organic-dried-forest-mushrooms-cream-soup\/\" \/>\n<meta property=\"og:site_name\" content=\"BMD Doo Arilje\" \/>\n<meta property=\"article:modified_time\" content=\"2021-12-14T10:44:52+00:00\" \/>\n<meta name=\"twitter:card\" content=\"summary_large_image\" \/>\n<meta name=\"twitter:label1\" content=\"Est. reading time\" \/>\n\t<meta name=\"twitter:data1\" content=\"2 minutes\" \/>\n<script type=\"application\/ld+json\" class=\"yoast-schema-graph\">{\"@context\":\"https:\/\/schema.org\",\"@graph\":[{\"@type\":\"WebPage\",\"@id\":\"https:\/\/bmd.co.rs\/en\/taste-of-the-west-organic-products\/organic-dried-forest-mushrooms-cream-soup\/\",\"url\":\"https:\/\/bmd.co.rs\/en\/taste-of-the-west-organic-products\/organic-dried-forest-mushrooms-cream-soup\/\",\"name\":\"Cream soup with organic dried forest mushrooms mix - BMD Doo Arilje\",\"isPartOf\":{\"@id\":\"https:\/\/bmd.co.rs\/en\/#website\"},\"datePublished\":\"2021-05-27T18:20:03+00:00\",\"dateModified\":\"2021-12-14T10:44:52+00:00\",\"breadcrumb\":{\"@id\":\"https:\/\/bmd.co.rs\/en\/taste-of-the-west-organic-products\/organic-dried-forest-mushrooms-cream-soup\/#breadcrumb\"},\"inLanguage\":\"en-US\",\"potentialAction\":[{\"@type\":\"ReadAction\",\"target\":[\"https:\/\/bmd.co.rs\/en\/taste-of-the-west-organic-products\/organic-dried-forest-mushrooms-cream-soup\/\"]}]},{\"@type\":\"BreadcrumbList\",\"@id\":\"https:\/\/bmd.co.rs\/en\/taste-of-the-west-organic-products\/organic-dried-forest-mushrooms-cream-soup\/#breadcrumb\",\"itemListElement\":[{\"@type\":\"ListItem\",\"position\":1,\"name\":\"Po\u010detna\",\"item\":\"https:\/\/bmd.co.rs\/en\/\"},{\"@type\":\"ListItem\",\"position\":2,\"name\":\"Cream soup with organic dried forest mushrooms mix\"}]},{\"@type\":\"WebSite\",\"@id\":\"https:\/\/bmd.co.rs\/en\/#website\",\"url\":\"https:\/\/bmd.co.rs\/en\/\",\"name\":\"BMD Doo Arilje\",\"description\":\"Svet organskih proizvoda - Suvi vrganj - Suva lisi\u010darka\",\"potentialAction\":[{\"@type\":\"SearchAction\",\"target\":{\"@type\":\"EntryPoint\",\"urlTemplate\":\"https:\/\/bmd.co.rs\/en\/?s={search_term_string}\"},\"query-input\":{\"@type\":\"PropertyValueSpecification\",\"valueRequired\":true,\"valueName\":\"search_term_string\"}}],\"inLanguage\":\"en-US\"}]}<\/script>\n<!-- \/ Yoast SEO plugin. -->","yoast_head_json":{"title":"Cream soup with organic dried forest mushrooms mix - BMD Doo Arilje","robots":{"index":"index","follow":"follow","max-snippet":"max-snippet:-1","max-image-preview":"max-image-preview:large","max-video-preview":"max-video-preview:-1"},"canonical":"https:\/\/bmd.co.rs\/en\/taste-of-the-west-organic-products\/organic-dried-forest-mushrooms-cream-soup\/","og_locale":"en_US","og_type":"article","og_title":"Cream soup with organic dried forest mushrooms mix - BMD Doo Arilje","og_description":"[vc_row row_content_position=&#8221;middle&#8221; el_class=&#8221;overflow-visible&#8221;][vc_column][vc_row_inner][vc_column_inner width=&#8221;1\/3&#8243;][vc_column_text css=&#8221;.vc_custom_1639478298552{padding-top: 4% !important;}&#8221;]This mix contains 3 types of forest mushrooms: dried porcini, dried chantarelles and dried black trumpets. All mushrooms in this package are certified as class I organic mushrooms.[\/vc_column_text][\/vc_column_inner][vc_column_inner width=&#8221;2\/3&#8243;][\/vc_column_inner][\/vc_row_inner][\/vc_column][\/vc_row][vc_row row_content_position=&#8221;top&#8221; el_class=&#8221;overflow-visible&#8221; css=&#8221;.vc_custom_1620949556901{padding-top: 50px !important;background-image: url(https:\/\/bmd.co.rs\/wp-content\/uploads\/2021\/05\/bg-sastojci-1.jpg?id=14717) !important;background-position: center !important;background-repeat: no-repeat !important;background-size: cover !important;}&#8221;][vc_column][vc_row_inner][vc_column_inner width=&#8221;1\/3&#8243; css=&#8221;.vc_custom_1620949282402{padding-top:","og_url":"https:\/\/bmd.co.rs\/en\/taste-of-the-west-organic-products\/organic-dried-forest-mushrooms-cream-soup\/","og_site_name":"BMD Doo Arilje","article_modified_time":"2021-12-14T10:44:52+00:00","twitter_card":"summary_large_image","twitter_misc":{"Est. reading time":"2 minutes"},"schema":{"@context":"https:\/\/schema.org","@graph":[{"@type":"WebPage","@id":"https:\/\/bmd.co.rs\/en\/taste-of-the-west-organic-products\/organic-dried-forest-mushrooms-cream-soup\/","url":"https:\/\/bmd.co.rs\/en\/taste-of-the-west-organic-products\/organic-dried-forest-mushrooms-cream-soup\/","name":"Cream soup with organic dried forest mushrooms mix - BMD Doo Arilje","isPartOf":{"@id":"https:\/\/bmd.co.rs\/en\/#website"},"datePublished":"2021-05-27T18:20:03+00:00","dateModified":"2021-12-14T10:44:52+00:00","breadcrumb":{"@id":"https:\/\/bmd.co.rs\/en\/taste-of-the-west-organic-products\/organic-dried-forest-mushrooms-cream-soup\/#breadcrumb"},"inLanguage":"en-US","potentialAction":[{"@type":"ReadAction","target":["https:\/\/bmd.co.rs\/en\/taste-of-the-west-organic-products\/organic-dried-forest-mushrooms-cream-soup\/"]}]},{"@type":"BreadcrumbList","@id":"https:\/\/bmd.co.rs\/en\/taste-of-the-west-organic-products\/organic-dried-forest-mushrooms-cream-soup\/#breadcrumb","itemListElement":[{"@type":"ListItem","position":1,"name":"Po\u010detna","item":"https:\/\/bmd.co.rs\/en\/"},{"@type":"ListItem","position":2,"name":"Cream soup with organic dried forest mushrooms mix"}]},{"@type":"WebSite","@id":"https:\/\/bmd.co.rs\/en\/#website","url":"https:\/\/bmd.co.rs\/en\/","name":"BMD Doo Arilje","description":"Svet organskih proizvoda - Suvi vrganj - Suva lisi\u010darka","potentialAction":[{"@type":"SearchAction","target":{"@type":"EntryPoint","urlTemplate":"https:\/\/bmd.co.rs\/en\/?s={search_term_string}"},"query-input":{"@type":"PropertyValueSpecification","valueRequired":true,"valueName":"search_term_string"}}],"inLanguage":"en-US"}]}},"_links":{"self":[{"href":"https:\/\/bmd.co.rs\/en\/wp-json\/wp\/v2\/pages\/15436","targetHints":{"allow":["GET"]}}],"collection":[{"href":"https:\/\/bmd.co.rs\/en\/wp-json\/wp\/v2\/pages"}],"about":[{"href":"https:\/\/bmd.co.rs\/en\/wp-json\/wp\/v2\/types\/page"}],"author":[{"embeddable":true,"href":"https:\/\/bmd.co.rs\/en\/wp-json\/wp\/v2\/users\/1"}],"replies":[{"embeddable":true,"href":"https:\/\/bmd.co.rs\/en\/wp-json\/wp\/v2\/comments?post=15436"}],"version-history":[{"count":3,"href":"https:\/\/bmd.co.rs\/en\/wp-json\/wp\/v2\/pages\/15436\/revisions"}],"predecessor-version":[{"id":15440,"href":"https:\/\/bmd.co.rs\/en\/wp-json\/wp\/v2\/pages\/15436\/revisions\/15440"}],"up":[{"embeddable":true,"href":"https:\/\/bmd.co.rs\/en\/wp-json\/wp\/v2\/pages\/15520"}],"wp:attachment":[{"href":"https:\/\/bmd.co.rs\/en\/wp-json\/wp\/v2\/media?parent=15436"}],"curies":[{"name":"wp","href":"https:\/\/api.w.org\/{rel}","templated":true}]}}